{"id":134,"date":"2018-12-09T09:19:52","date_gmt":"2018-12-09T08:19:52","guid":{"rendered":"https:\/\/192.168.0.6\/wordpress\/?page_id=134"},"modified":"2025-04-02T18:54:03","modified_gmt":"2025-04-02T16:54:03","slug":"fashion-portraits","status":"publish","type":"page","link":"https:\/\/drphotopro.myds.me\/wordpress\/a-propos-de\/fashion-portraits\/","title":{"rendered":"Fashion, portraits"},"content":{"rendered":"\n<!-- Piwik -->\n<script type=\"text\/javascript\">\n  var _paq = _paq || [];\n  \/* tracker methods like \"setCustomDimension\" should be called before \"trackPageView\" *\/\n  _paq.push(['trackPageView']);\n  _paq.push(['enableLinkTracking']);\n  (function() {\n    var u=\"\/\/deramphoto.myds.me\/piwik\/\";\n    _paq.push(['setTrackerUrl', u+'piwik.php']);\n    _paq.push(['setSiteId', '1']);\n    var d=document, g=d.createElement('script'), s=d.getElementsByTagName('script')[0];\n    g.type='text\/javascript'; g.async=true; g.defer=true; g.src=u+'piwik.js'; s.parentNode.insertBefore(g,s);\n  })();\n<\/script>\n<!-- End Piwik Code -->\n\n\n\n<p><\/p>\n\n\n\n<p class=\"font_8\">Hommage \u00e0 la beaut\u00e9, \u00e0 la vie au travers de la diversit\u00e9 des visages, aux cr\u00e9ateurs qui sustentent la beaut\u00e9 au travers de d\u00e9fil\u00e9s publics ou priv\u00e9s.<\/p>\n\n\n\n<div class=\"wp-block-columns is-layout-flex wp-container-core-columns-is-layout-9d6595d7 wp-block-columns-is-layout-flex\">\n<div class=\"wp-block-column is-layout-flow wp-block-column-is-layout-flow\" style=\"flex-basis:100%\">\n<div class=\"wp-block-group\"><div class=\"wp-block-group__inner-container is-layout-flow wp-block-group-is-layout-flow\">\n<div class=\"wp-block-columns is-layout-flex wp-container-core-columns-is-layout-9d6595d7 wp-block-columns-is-layout-flex\">\n<div class=\"wp-block-column is-layout-flow wp-block-column-is-layout-flow\" style=\"flex-basis:100%\">\n<figure class=\"wp-block-gallery has-nested-images columns-3 is-cropped wp-block-gallery-1 is-layout-flex wp-block-gallery-is-layout-flex\">\n<figure class=\"wp-block-image size-full\"><a href=\"https:\/\/mltdahoqzfr7.i.optimole.com\/w:auto\/h:auto\/q:mauto\/f:best\/ig:avif\/https:\/\/drphotopro.myds.me\/wordpress\/wp-content\/uploads\/2021\/04\/DSD1152.jpg\" data-rel=\"lightbox-image-0\" data-rl_title=\"\" data-rl_caption=\"\" title=\"\"><img fetchpriority=\"high\" decoding=\"async\" width=\"819\" height=\"1024\" data-id=\"1226\" src=\"https:\/\/mltdahoqzfr7.i.optimole.com\/w:auto\/h:auto\/q:mauto\/f:best\/ig:avif\/https:\/\/drphotopro.myds.me\/wordpress\/wp-content\/uploads\/2021\/04\/DSD1152.jpg\" alt=\"\" class=\"wp-image-1226\" srcset=\"https:\/\/mltdahoqzfr7.i.optimole.com\/w:auto\/h:auto\/q:mauto\/f:best\/ig:avif\/https:\/\/drphotopro.myds.me\/wordpress\/wp-content\/uploads\/2021\/04\/DSD1152.jpg 819w, https:\/\/mltdahoqzfr7.i.optimole.com\/w:240\/h:300\/q:mauto\/f:best\/ig:avif\/https:\/\/drphotopro.myds.me\/wordpress\/wp-content\/uploads\/2021\/04\/DSD1152.jpg 240w, https:\/\/mltdahoqzfr7.i.optimole.com\/w:768\/h:960\/q:mauto\/f:best\/ig:avif\/https:\/\/drphotopro.myds.me\/wordpress\/wp-content\/uploads\/2021\/04\/DSD1152.jpg 768w\" sizes=\"(max-width: 767px) 89vw, (max-width: 1000px) 54vw, (max-width: 1071px) 543px, 580px\" \/><\/a><\/figure>\n\n\n\n<figure class=\"wp-block-image size-full\"><a href=\"https:\/\/mltdahoqzfr7.i.optimole.com\/w:auto\/h:auto\/q:mauto\/f:best\/ig:avif\/https:\/\/drphotopro.myds.me\/wordpress\/wp-content\/uploads\/2023\/01\/DSC_1917.jpg\" data-rel=\"lightbox-image-1\" data-rl_title=\"\" data-rl_caption=\"\" title=\"\"><img fetchpriority=\"high\" decoding=\"async\" width=\"1280\" height=\"853\" data-id=\"8120\" src=\"https:\/\/mltdahoqzfr7.i.optimole.com\/w:auto\/h:auto\/q:mauto\/f:best\/ig:avif\/https:\/\/drphotopro.myds.me\/wordpress\/wp-content\/uploads\/2023\/01\/DSC_1917.jpg\" alt=\"\" class=\"wp-image-8120\" srcset=\"https:\/\/mltdahoqzfr7.i.optimole.com\/w:auto\/h:auto\/q:mauto\/f:best\/ig:avif\/https:\/\/drphotopro.myds.me\/wordpress\/wp-content\/uploads\/2023\/01\/DSC_1917.jpg 1280w, https:\/\/mltdahoqzfr7.i.optimole.com\/w:300\/h:200\/q:mauto\/f:best\/ig:avif\/https:\/\/drphotopro.myds.me\/wordpress\/wp-content\/uploads\/2023\/01\/DSC_1917.jpg 300w, https:\/\/mltdahoqzfr7.i.optimole.com\/w:1024\/h:682\/q:mauto\/f:best\/ig:avif\/https:\/\/drphotopro.myds.me\/wordpress\/wp-content\/uploads\/2023\/01\/DSC_1917.jpg 1024w, https:\/\/mltdahoqzfr7.i.optimole.com\/w:150\/h:100\/q:mauto\/f:best\/ig:avif\/https:\/\/drphotopro.myds.me\/wordpress\/wp-content\/uploads\/2023\/01\/DSC_1917.jpg 150w, https:\/\/mltdahoqzfr7.i.optimole.com\/w:768\/h:512\/q:mauto\/f:best\/ig:avif\/https:\/\/drphotopro.myds.me\/wordpress\/wp-content\/uploads\/2023\/01\/DSC_1917.jpg 768w\" sizes=\"(max-width: 767px) 89vw, (max-width: 1000px) 54vw, (max-width: 1071px) 543px, 580px\" \/><\/a><\/figure>\n\n\n\n<figure class=\"wp-block-image size-full\"><a href=\"https:\/\/mltdahoqzfr7.i.optimole.com\/w:auto\/h:auto\/q:mauto\/f:best\/ig:avif\/https:\/\/drphotopro.myds.me\/wordpress\/wp-content\/uploads\/2021\/04\/DSD0566.jpg\" data-rel=\"lightbox-image-2\" data-rl_title=\"\" data-rl_caption=\"\" title=\"\"><img fetchpriority=\"high\" decoding=\"async\" width=\"1024\" height=\"576\" data-id=\"1218\" src=\"https:\/\/mltdahoqzfr7.i.optimole.com\/w:auto\/h:auto\/q:mauto\/f:best\/ig:avif\/https:\/\/drphotopro.myds.me\/wordpress\/wp-content\/uploads\/2021\/04\/DSD0566.jpg\" alt=\"\" class=\"wp-image-1218\" srcset=\"https:\/\/mltdahoqzfr7.i.optimole.com\/w:auto\/h:auto\/q:mauto\/f:best\/ig:avif\/https:\/\/drphotopro.myds.me\/wordpress\/wp-content\/uploads\/2021\/04\/DSD0566.jpg 1024w, https:\/\/mltdahoqzfr7.i.optimole.com\/w:300\/h:169\/q:mauto\/f:best\/ig:avif\/https:\/\/drphotopro.myds.me\/wordpress\/wp-content\/uploads\/2021\/04\/DSD0566.jpg 300w, https:\/\/mltdahoqzfr7.i.optimole.com\/w:768\/h:432\/q:mauto\/f:best\/ig:avif\/https:\/\/drphotopro.myds.me\/wordpress\/wp-content\/uploads\/2021\/04\/DSD0566.jpg 768w\" sizes=\"(max-width: 767px) 89vw, (max-width: 1000px) 54vw, (max-width: 1071px) 543px, 580px\" \/><\/a><\/figure>\n\n\n\n<figure class=\"wp-block-image size-full\"><a href=\"https:\/\/mltdahoqzfr7.i.optimole.com\/w:auto\/h:auto\/q:mauto\/f:best\/ig:avif\/https:\/\/drphotopro.myds.me\/wordpress\/wp-content\/uploads\/2021\/04\/DSD1646.jpg\" data-rel=\"lightbox-image-3\" data-rl_title=\"\" data-rl_caption=\"\" title=\"\"><img data-opt-src=\"https:\/\/mltdahoqzfr7.i.optimole.com\/w:auto\/h:auto\/q:mauto\/f:best\/ig:avif\/https:\/\/drphotopro.myds.me\/wordpress\/wp-content\/uploads\/2021\/04\/DSD1646.jpg\"  decoding=\"async\" width=\"1024\" height=\"683\" data-id=\"1217\" src=\"https:\/\/mltdahoqzfr7.i.optimole.com\/w:auto\/h:auto\/q:eco\/f:best\/ig:avif\/https:\/\/drphotopro.myds.me\/wordpress\/wp-content\/uploads\/2021\/04\/DSD1646.jpg\" alt=\"\" class=\"wp-image-1217\" old-srcset=\"https:\/\/mltdahoqzfr7.i.optimole.com\/w:auto\/h:auto\/q:mauto\/f:best\/ig:avif\/https:\/\/drphotopro.myds.me\/wordpress\/wp-content\/uploads\/2021\/04\/DSD1646.jpg 1024w, https:\/\/mltdahoqzfr7.i.optimole.com\/w:300\/h:200\/q:mauto\/f:best\/ig:avif\/https:\/\/drphotopro.myds.me\/wordpress\/wp-content\/uploads\/2021\/04\/DSD1646.jpg 300w, https:\/\/mltdahoqzfr7.i.optimole.com\/w:768\/h:512\/q:mauto\/f:best\/ig:avif\/https:\/\/drphotopro.myds.me\/wordpress\/wp-content\/uploads\/2021\/04\/DSD1646.jpg 768w\" \/><noscript><img decoding=\"async\" width=\"1024\" height=\"683\" data-id=\"1217\" src=\"https:\/\/mltdahoqzfr7.i.optimole.com\/w:auto\/h:auto\/q:mauto\/f:best\/ig:avif\/https:\/\/drphotopro.myds.me\/wordpress\/wp-content\/uploads\/2021\/04\/DSD1646.jpg\" alt=\"\" class=\"wp-image-1217\" srcset=\"https:\/\/mltdahoqzfr7.i.optimole.com\/w:auto\/h:auto\/q:mauto\/f:best\/ig:avif\/https:\/\/drphotopro.myds.me\/wordpress\/wp-content\/uploads\/2021\/04\/DSD1646.jpg 1024w, https:\/\/mltdahoqzfr7.i.optimole.com\/w:300\/h:200\/q:mauto\/f:best\/ig:avif\/https:\/\/drphotopro.myds.me\/wordpress\/wp-content\/uploads\/2021\/04\/DSD1646.jpg 300w, https:\/\/mltdahoqzfr7.i.optimole.com\/w:768\/h:512\/q:mauto\/f:best\/ig:avif\/https:\/\/drphotopro.myds.me\/wordpress\/wp-content\/uploads\/2021\/04\/DSD1646.jpg 768w\" sizes=\"(max-width: 767px) 89vw, (max-width: 1000px) 54vw, (max-width: 1071px) 543px, 580px\" \/></noscript><\/a><\/figure>\n\n\n\n<figure class=\"wp-block-image size-full\"><a href=\"https:\/\/mltdahoqzfr7.i.optimole.com\/w:auto\/h:auto\/q:mauto\/f:best\/ig:avif\/https:\/\/drphotopro.myds.me\/wordpress\/wp-content\/uploads\/2021\/04\/DSD9460-1.jpg\" data-rel=\"lightbox-image-4\" data-rl_title=\"\" data-rl_caption=\"\" title=\"\"><img data-opt-src=\"https:\/\/mltdahoqzfr7.i.optimole.com\/w:auto\/h:auto\/q:mauto\/f:best\/ig:avif\/https:\/\/drphotopro.myds.me\/wordpress\/wp-content\/uploads\/2021\/04\/DSD9460-1.jpg\"  decoding=\"async\" width=\"683\" height=\"1024\" data-id=\"1208\" src=\"https:\/\/mltdahoqzfr7.i.optimole.com\/w:auto\/h:auto\/q:eco\/f:best\/ig:avif\/https:\/\/drphotopro.myds.me\/wordpress\/wp-content\/uploads\/2021\/04\/DSD9460-1.jpg\" alt=\"\" class=\"wp-image-1208\" old-srcset=\"https:\/\/mltdahoqzfr7.i.optimole.com\/w:auto\/h:auto\/q:mauto\/f:best\/ig:avif\/https:\/\/drphotopro.myds.me\/wordpress\/wp-content\/uploads\/2021\/04\/DSD9460-1.jpg 683w, https:\/\/mltdahoqzfr7.i.optimole.com\/w:200\/h:300\/q:mauto\/f:best\/ig:avif\/https:\/\/drphotopro.myds.me\/wordpress\/wp-content\/uploads\/2021\/04\/DSD9460-1.jpg 200w\" \/><noscript><img decoding=\"async\" width=\"683\" height=\"1024\" data-id=\"1208\" src=\"https:\/\/mltdahoqzfr7.i.optimole.com\/w:auto\/h:auto\/q:mauto\/f:best\/ig:avif\/https:\/\/drphotopro.myds.me\/wordpress\/wp-content\/uploads\/2021\/04\/DSD9460-1.jpg\" alt=\"\" class=\"wp-image-1208\" srcset=\"https:\/\/mltdahoqzfr7.i.optimole.com\/w:auto\/h:auto\/q:mauto\/f:best\/ig:avif\/https:\/\/drphotopro.myds.me\/wordpress\/wp-content\/uploads\/2021\/04\/DSD9460-1.jpg 683w, https:\/\/mltdahoqzfr7.i.optimole.com\/w:200\/h:300\/q:mauto\/f:best\/ig:avif\/https:\/\/drphotopro.myds.me\/wordpress\/wp-content\/uploads\/2021\/04\/DSD9460-1.jpg 200w\" sizes=\"(max-width: 683px) 100vw, 683px\" \/></noscript><\/a><\/figure>\n\n\n\n<figure class=\"wp-block-image size-full\"><a href=\"https:\/\/mltdahoqzfr7.i.optimole.com\/w:auto\/h:auto\/q:mauto\/f:best\/ig:avif\/https:\/\/drphotopro.myds.me\/wordpress\/wp-content\/uploads\/2019\/01\/DSC0177.jpg\" data-rel=\"lightbox-image-5\" data-rl_title=\"\" data-rl_caption=\"\" title=\"\"><img data-opt-src=\"https:\/\/mltdahoqzfr7.i.optimole.com\/w:auto\/h:auto\/q:mauto\/f:best\/ig:avif\/https:\/\/drphotopro.myds.me\/wordpress\/wp-content\/uploads\/2019\/01\/DSC0177.jpg\"  decoding=\"async\" data-id=\"760\" src=\"https:\/\/mltdahoqzfr7.i.optimole.com\/w:auto\/h:auto\/q:eco\/f:best\/ig:avif\/https:\/\/drphotopro.myds.me\/wordpress\/wp-content\/uploads\/2019\/01\/DSC0177.jpg\" alt=\"\" class=\"wp-image-760\"\/><noscript><img decoding=\"async\" data-id=\"760\" src=\"https:\/\/mltdahoqzfr7.i.optimole.com\/w:auto\/h:auto\/q:mauto\/f:best\/ig:avif\/https:\/\/drphotopro.myds.me\/wordpress\/wp-content\/uploads\/2019\/01\/DSC0177.jpg\" alt=\"\" class=\"wp-image-760\"\/></noscript><\/a><\/figure>\n\n\n\n<figure class=\"wp-block-image size-full\"><a href=\"https:\/\/mltdahoqzfr7.i.optimole.com\/w:auto\/h:auto\/q:mauto\/f:best\/ig:avif\/https:\/\/drphotopro.myds.me\/wordpress\/wp-content\/uploads\/2021\/12\/DSC_3120.jpg\" data-rel=\"lightbox-image-6\" data-rl_title=\"\" data-rl_caption=\"\" title=\"\"><img data-opt-src=\"https:\/\/mltdahoqzfr7.i.optimole.com\/w:auto\/h:auto\/q:mauto\/f:best\/ig:avif\/https:\/\/drphotopro.myds.me\/wordpress\/wp-content\/uploads\/2021\/12\/DSC_3120.jpg\"  decoding=\"async\" width=\"2048\" height=\"1365\" data-id=\"6729\" src=\"https:\/\/mltdahoqzfr7.i.optimole.com\/w:auto\/h:auto\/q:eco\/f:best\/ig:avif\/https:\/\/drphotopro.myds.me\/wordpress\/wp-content\/uploads\/2021\/12\/DSC_3120.jpg\" alt=\"\" class=\"wp-image-6729\" old-srcset=\"https:\/\/mltdahoqzfr7.i.optimole.com\/w:auto\/h:auto\/q:mauto\/f:best\/ig:avif\/https:\/\/drphotopro.myds.me\/wordpress\/wp-content\/uploads\/2021\/12\/DSC_3120.jpg 2048w, https:\/\/mltdahoqzfr7.i.optimole.com\/w:300\/h:200\/q:mauto\/f:best\/ig:avif\/https:\/\/drphotopro.myds.me\/wordpress\/wp-content\/uploads\/2021\/12\/DSC_3120.jpg 300w, https:\/\/mltdahoqzfr7.i.optimole.com\/w:1024\/h:683\/q:mauto\/f:best\/ig:avif\/https:\/\/drphotopro.myds.me\/wordpress\/wp-content\/uploads\/2021\/12\/DSC_3120.jpg 1024w, https:\/\/mltdahoqzfr7.i.optimole.com\/w:768\/h:512\/q:mauto\/f:best\/ig:avif\/https:\/\/drphotopro.myds.me\/wordpress\/wp-content\/uploads\/2021\/12\/DSC_3120.jpg 768w, https:\/\/mltdahoqzfr7.i.optimole.com\/w:1536\/h:1024\/q:mauto\/f:best\/ig:avif\/https:\/\/drphotopro.myds.me\/wordpress\/wp-content\/uploads\/2021\/12\/DSC_3120.jpg 1536w, https:\/\/mltdahoqzfr7.i.optimole.com\/w:1568\/h:1045\/q:mauto\/f:best\/ig:avif\/https:\/\/drphotopro.myds.me\/wordpress\/wp-content\/uploads\/2021\/12\/DSC_3120.jpg 1568w\" \/><noscript><img decoding=\"async\" width=\"2048\" height=\"1365\" data-id=\"6729\" src=\"https:\/\/mltdahoqzfr7.i.optimole.com\/w:auto\/h:auto\/q:mauto\/f:best\/ig:avif\/https:\/\/drphotopro.myds.me\/wordpress\/wp-content\/uploads\/2021\/12\/DSC_3120.jpg\" alt=\"\" class=\"wp-image-6729\" srcset=\"https:\/\/mltdahoqzfr7.i.optimole.com\/w:auto\/h:auto\/q:mauto\/f:best\/ig:avif\/https:\/\/drphotopro.myds.me\/wordpress\/wp-content\/uploads\/2021\/12\/DSC_3120.jpg 2048w, https:\/\/mltdahoqzfr7.i.optimole.com\/w:300\/h:200\/q:mauto\/f:best\/ig:avif\/https:\/\/drphotopro.myds.me\/wordpress\/wp-content\/uploads\/2021\/12\/DSC_3120.jpg 300w, https:\/\/mltdahoqzfr7.i.optimole.com\/w:1024\/h:683\/q:mauto\/f:best\/ig:avif\/https:\/\/drphotopro.myds.me\/wordpress\/wp-content\/uploads\/2021\/12\/DSC_3120.jpg 1024w, https:\/\/mltdahoqzfr7.i.optimole.com\/w:768\/h:512\/q:mauto\/f:best\/ig:avif\/https:\/\/drphotopro.myds.me\/wordpress\/wp-content\/uploads\/2021\/12\/DSC_3120.jpg 768w, https:\/\/mltdahoqzfr7.i.optimole.com\/w:1536\/h:1024\/q:mauto\/f:best\/ig:avif\/https:\/\/drphotopro.myds.me\/wordpress\/wp-content\/uploads\/2021\/12\/DSC_3120.jpg 1536w, https:\/\/mltdahoqzfr7.i.optimole.com\/w:1568\/h:1045\/q:mauto\/f:best\/ig:avif\/https:\/\/drphotopro.myds.me\/wordpress\/wp-content\/uploads\/2021\/12\/DSC_3120.jpg 1568w\" sizes=\"(max-width: 767px) 89vw, (max-width: 1000px) 54vw, (max-width: 1071px) 543px, 580px\" \/></noscript><\/a><\/figure>\n\n\n\n<figure class=\"wp-block-image size-full\"><a href=\"https:\/\/mltdahoqzfr7.i.optimole.com\/w:auto\/h:auto\/q:mauto\/f:best\/ig:avif\/https:\/\/drphotopro.myds.me\/wordpress\/wp-content\/uploads\/2018\/12\/DSD1197.jpg\" data-rel=\"lightbox-image-7\" data-rl_title=\"\" data-rl_caption=\"\" title=\"\"><img data-opt-src=\"https:\/\/mltdahoqzfr7.i.optimole.com\/w:auto\/h:auto\/q:mauto\/f:best\/ig:avif\/https:\/\/drphotopro.myds.me\/wordpress\/wp-content\/uploads\/2018\/12\/DSD1197.jpg\"  decoding=\"async\" data-id=\"373\" src=\"https:\/\/mltdahoqzfr7.i.optimole.com\/w:auto\/h:auto\/q:eco\/f:best\/ig:avif\/https:\/\/drphotopro.myds.me\/wordpress\/wp-content\/uploads\/2018\/12\/DSD1197.jpg\" alt=\"\" class=\"wp-image-373\"\/><noscript><img decoding=\"async\" data-id=\"373\" src=\"https:\/\/mltdahoqzfr7.i.optimole.com\/w:auto\/h:auto\/q:mauto\/f:best\/ig:avif\/https:\/\/drphotopro.myds.me\/wordpress\/wp-content\/uploads\/2018\/12\/DSD1197.jpg\" alt=\"\" class=\"wp-image-373\"\/></noscript><\/a><\/figure>\n\n\n\n<figure class=\"wp-block-image size-full\"><a href=\"https:\/\/mltdahoqzfr7.i.optimole.com\/w:auto\/h:auto\/q:mauto\/f:best\/ig:avif\/https:\/\/drphotopro.myds.me\/wordpress\/wp-content\/uploads\/2018\/12\/DSD9433_DxO_1.jpg\" data-rel=\"lightbox-image-8\" data-rl_title=\"\" data-rl_caption=\"\" title=\"\"><img data-opt-src=\"https:\/\/mltdahoqzfr7.i.optimole.com\/w:auto\/h:auto\/q:mauto\/f:best\/ig:avif\/https:\/\/drphotopro.myds.me\/wordpress\/wp-content\/uploads\/2018\/12\/DSD9433_DxO_1.jpg\"  decoding=\"async\" width=\"2406\" height=\"1925\" data-id=\"379\" src=\"https:\/\/mltdahoqzfr7.i.optimole.com\/w:auto\/h:auto\/q:eco\/f:best\/ig:avif\/https:\/\/drphotopro.myds.me\/wordpress\/wp-content\/uploads\/2018\/12\/DSD9433_DxO_1.jpg\" alt=\"\" class=\"wp-image-379\" old-srcset=\"https:\/\/mltdahoqzfr7.i.optimole.com\/w:auto\/h:auto\/q:mauto\/f:best\/ig:avif\/https:\/\/drphotopro.myds.me\/wordpress\/wp-content\/uploads\/2018\/12\/DSD9433_DxO_1.jpg 2406w, https:\/\/mltdahoqzfr7.i.optimole.com\/w:300\/h:240\/q:mauto\/f:best\/ig:avif\/https:\/\/drphotopro.myds.me\/wordpress\/wp-content\/uploads\/2018\/12\/DSD9433_DxO_1.jpg 300w, https:\/\/mltdahoqzfr7.i.optimole.com\/w:1024\/h:819\/q:mauto\/f:best\/ig:avif\/https:\/\/drphotopro.myds.me\/wordpress\/wp-content\/uploads\/2018\/12\/DSD9433_DxO_1.jpg 1024w, https:\/\/mltdahoqzfr7.i.optimole.com\/w:768\/h:614\/q:mauto\/f:best\/ig:avif\/https:\/\/drphotopro.myds.me\/wordpress\/wp-content\/uploads\/2018\/12\/DSD9433_DxO_1.jpg 768w, https:\/\/mltdahoqzfr7.i.optimole.com\/w:1349\/h:1080\/q:mauto\/f:best\/ig:avif\/https:\/\/drphotopro.myds.me\/wordpress\/wp-content\/uploads\/2018\/12\/DSD9433_DxO_1.jpg 1536w, https:\/\/mltdahoqzfr7.i.optimole.com\/w:1349\/h:1080\/q:mauto\/f:best\/ig:avif\/https:\/\/drphotopro.myds.me\/wordpress\/wp-content\/uploads\/2018\/12\/DSD9433_DxO_1.jpg 2048w, https:\/\/mltdahoqzfr7.i.optimole.com\/w:1349\/h:1080\/q:mauto\/f:best\/ig:avif\/https:\/\/drphotopro.myds.me\/wordpress\/wp-content\/uploads\/2018\/12\/DSD9433_DxO_1.jpg 1568w\" \/><noscript><img decoding=\"async\" width=\"2406\" height=\"1925\" data-id=\"379\" src=\"https:\/\/mltdahoqzfr7.i.optimole.com\/w:auto\/h:auto\/q:mauto\/f:best\/ig:avif\/https:\/\/drphotopro.myds.me\/wordpress\/wp-content\/uploads\/2018\/12\/DSD9433_DxO_1.jpg\" alt=\"\" class=\"wp-image-379\" srcset=\"https:\/\/mltdahoqzfr7.i.optimole.com\/w:auto\/h:auto\/q:mauto\/f:best\/ig:avif\/https:\/\/drphotopro.myds.me\/wordpress\/wp-content\/uploads\/2018\/12\/DSD9433_DxO_1.jpg 2406w, https:\/\/mltdahoqzfr7.i.optimole.com\/w:300\/h:240\/q:mauto\/f:best\/ig:avif\/https:\/\/drphotopro.myds.me\/wordpress\/wp-content\/uploads\/2018\/12\/DSD9433_DxO_1.jpg 300w, https:\/\/mltdahoqzfr7.i.optimole.com\/w:1024\/h:819\/q:mauto\/f:best\/ig:avif\/https:\/\/drphotopro.myds.me\/wordpress\/wp-content\/uploads\/2018\/12\/DSD9433_DxO_1.jpg 1024w, https:\/\/mltdahoqzfr7.i.optimole.com\/w:768\/h:614\/q:mauto\/f:best\/ig:avif\/https:\/\/drphotopro.myds.me\/wordpress\/wp-content\/uploads\/2018\/12\/DSD9433_DxO_1.jpg 768w, https:\/\/mltdahoqzfr7.i.optimole.com\/w:1349\/h:1080\/q:mauto\/f:best\/ig:avif\/https:\/\/drphotopro.myds.me\/wordpress\/wp-content\/uploads\/2018\/12\/DSD9433_DxO_1.jpg 1536w, https:\/\/mltdahoqzfr7.i.optimole.com\/w:1349\/h:1080\/q:mauto\/f:best\/ig:avif\/https:\/\/drphotopro.myds.me\/wordpress\/wp-content\/uploads\/2018\/12\/DSD9433_DxO_1.jpg 2048w, https:\/\/mltdahoqzfr7.i.optimole.com\/w:1349\/h:1080\/q:mauto\/f:best\/ig:avif\/https:\/\/drphotopro.myds.me\/wordpress\/wp-content\/uploads\/2018\/12\/DSD9433_DxO_1.jpg 1568w\" sizes=\"(max-width: 767px) 89vw, (max-width: 1000px) 54vw, (max-width: 1071px) 543px, 580px\" \/></noscript><\/a><\/figure>\n<\/figure>\n\n\n\n<p><\/p>\n<\/div>\n<\/div>\n<\/div><\/div>\n<\/div>\n<\/div>\n\n\n\n<p><\/p>\n\n\n\n\n\n<p><\/p>\n","protected":false},"excerpt":{"rendered":"<p>Hommage \u00e0 la beaut\u00e9, \u00e0 la vie au travers de la diversit\u00e9 des visages, aux cr\u00e9ateurs qui sustentent la beaut\u00e9 au travers de d\u00e9fil\u00e9s publics ou priv\u00e9s.<\/p>\n","protected":false},"author":1,"featured_media":0,"parent":127,"menu_order":0,"comment_status":"closed","ping_status":"closed","template":"","meta":{"footnotes":""},"class_list":["post-134","page","type-page","status-publish","hentry"],"_links":{"self":[{"href":"https:\/\/drphotopro.myds.me\/wordpress\/wp-json\/wp\/v2\/pages\/134","targetHints":{"allow":["GET"]}}],"collection":[{"href":"https:\/\/drphotopro.myds.me\/wordpress\/wp-json\/wp\/v2\/pages"}],"about":[{"href":"https:\/\/drphotopro.myds.me\/wordpress\/wp-json\/wp\/v2\/types\/page"}],"author":[{"embeddable":true,"href":"https:\/\/drphotopro.myds.me\/wordpress\/wp-json\/wp\/v2\/users\/1"}],"replies":[{"embeddable":true,"href":"https:\/\/drphotopro.myds.me\/wordpress\/wp-json\/wp\/v2\/comments?post=134"}],"version-history":[{"count":1,"href":"https:\/\/drphotopro.myds.me\/wordpress\/wp-json\/wp\/v2\/pages\/134\/revisions"}],"predecessor-version":[{"id":8159,"href":"https:\/\/drphotopro.myds.me\/wordpress\/wp-json\/wp\/v2\/pages\/134\/revisions\/8159"}],"up":[{"embeddable":true,"href":"https:\/\/drphotopro.myds.me\/wordpress\/wp-json\/wp\/v2\/pages\/127"}],"wp:attachment":[{"href":"https:\/\/drphotopro.myds.me\/wordpress\/wp-json\/wp\/v2\/media?parent=134"}],"curies":[{"name":"wp","href":"https:\/\/api.w.org\/{rel}","templated":true}]}}