{"id":127,"date":"2018-12-09T09:19:51","date_gmt":"2018-12-09T08:19:51","guid":{"rendered":"https:\/\/192.168.0.6\/wordpress\/?page_id=127"},"modified":"2024-05-09T22:59:37","modified_gmt":"2024-05-09T20:59:37","slug":"a-propos-de","status":"publish","type":"page","link":"https:\/\/drphotopro.myds.me\/wordpress\/","title":{"rendered":""},"content":{"rendered":"\n<!-- Piwik -->\n<script type=\"text\/javascript\">\n  var _paq = _paq || [];\n  \/* tracker methods like \"setCustomDimension\" should be called before \"trackPageView\" *\/\n  _paq.push(['trackPageView']);\n  _paq.push(['enableLinkTracking']);\n  (function() {\n    var u=\"\/\/deramphoto.myds.me\/piwik\/\";\n    _paq.push(['setTrackerUrl', u+'piwik.php']);\n    _paq.push(['setSiteId', '1']);\n    var d=document, g=d.createElement('script'), s=d.getElementsByTagName('script')[0];\n    g.type='text\/javascript'; g.async=true; g.defer=true; g.src=u+'piwik.js'; s.parentNode.insertBefore(g,s);\n  })();\n<\/script>\n<!-- End Piwik Code -->\n\n\n\n<p><\/p>\n\n\n\n<p class=\"font_8\">Le monde est un spectacle permanent.&nbsp; &nbsp;<\/p>\n\n\n\n<p>Dans la critique de l&rsquo;\u00e9cole des femmes, Moli\u00e8re nous dit &#8211; <strong>Mais lorsque vous peignez les hommes, il faut peindre d&rsquo;apr\u00e8s nature; on veut que ces portraits ressemblent ; et vous n&rsquo;avez rien fait si vous n&rsquo;y faites reconna\u00eetre les gens de votre si\u00e8cle.<\/strong><\/p>\n\n\n\n<p>La soci\u00e9t\u00e9 \u00ab\u00a0Philippe De Ram Photographie\u00a0\u00bb a \u00e9t\u00e9 cr\u00e9\u00e9e en 2016 pour appliquer ce principe en s&rsquo;effor\u00e7ant de faire ressortir l&rsquo;\u00e9motion de l&rsquo;instant pr\u00e9sent tout d&rsquo;abord dans le monde du spectacle, puis, par extension, dans toutes les sc\u00e8nes de la vie, la rue, le studio. <\/p>\n\n\n\n<p><\/p>\n\n\n\n<p>&nbsp; &nbsp; <\/p>\n\n\n\n<figure class=\"wp-block-gallery columns-5 is-cropped\">\n\t<ul class=\"blocks-gallery-grid\">\n\t\t<li class=\"blocks-gallery-item\">\n\t\t\t<figure>\n\t\t\t\t<a href=\"https:\/\/drphotopro.myds.me\/wordpress\/a-propos-de\/arts-de-la-rue\/\">\n\t\t\t\t\t<img fetchpriority=\"high\" decoding=\"async\" src=\"https:\/\/mltdahoqzfr7.i.optimole.com\/w:auto\/h:auto\/q:mauto\/f:best\/ig:avif\/https:\/\/drphotopro.myds.me\/wordpress\/wp-content\/uploads\/2018\/12\/DSD3214.jpg\" alt=\"\" data-id=\"255\" class=\"wp-image-255\">\n\t\t\t\t\t<figcaption class=\"blocks-gallery-item__caption\">Arts de la rue<\/figcaption>\n\t\t\t\t<\/a>\n\t\t\t<\/figure>\n\t\t<\/li>\n\t\t<li class=\"blocks-gallery-item\">\n\t\t\t<figure>\n\t\t\t\t<a href=\"https:\/\/drphotopro.myds.me\/wordpress\/a-propos-de\/scene\/\">\n\t\t\t\t\t<img fetchpriority=\"high\" decoding=\"async\" src=\"https:\/\/mltdahoqzfr7.i.optimole.com\/w:auto\/h:auto\/q:mauto\/f:best\/ig:avif\/https:\/\/drphotopro.myds.me\/wordpress\/wp-content\/uploads\/2021\/04\/DSC_7415.jpg\" alt=\"\" data-id=\"1238\" class=\"wp-image-726\">\n\t\t\t\t\t<figcaption class=\"blocks-gallery-item__caption\">Spectacle<\/figcaption>\n\t\t\t\t<\/a>\n\t\t\t<\/figure>\n\t\t<\/li>\n\t\t<!--li class=\"blocks-gallery-item\">\n\t\t\t<figure>\n\t\t\t\t<a href=\"https:\/\/drphotopro.myds.me\/wordpress\/a-propos-de\/fashion-portraits\/\">\n\t\t\t\t<img fetchpriority=\"high\" decoding=\"async\" src=\"https:\/\/mltdahoqzfr7.i.optimole.com\/w:auto\/h:auto\/q:mauto\/f:best\/ig:avif\/https:\/\/drphotopro.myds.me\/wordpress\/wp-content\/uploads\/2019\/02\/DDD_5941.jpg\" alt=\"\" data-id=\"775\" class=\"wp-image-775\">\n\t\t\t\t<figcaption class=\"blocks-gallery-item__caption\">Fashion, portraits<\/figcaption>\n\t\t\t\t<\/a>\n\t\t\t<\/figure>\n\t\t<\/li>\n\t\t<li class=\"blocks-gallery-item\">\n\t\t\t<figure>\n\t\t\t\t<a href=\"https:\/\/drphotopro.myds.me\/wordpress\/a-propos-de\/street-photography\/\">\n\t\t\t\t\t<img data-opt-src=\"https:\/\/mltdahoqzfr7.i.optimole.com\/w:auto\/h:auto\/q:mauto\/f:best\/ig:avif\/https:\/\/drphotopro.myds.me\/wordpress\/wp-content\/uploads\/2018\/12\/DSD3010.jpg\"  decoding=\"async\" width=\"1367\" height=\"2048\" src=\"https:\/\/mltdahoqzfr7.i.optimole.com\/w:auto\/h:auto\/q:eco\/f:best\/ig:avif\/https:\/\/drphotopro.myds.me\/wordpress\/wp-content\/uploads\/2018\/12\/DSD3010.jpg\" alt=\"\" data-id=\"406\" class=\"wp-image-406\" old-srcset=\"https:\/\/mltdahoqzfr7.i.optimole.com\/w:auto\/h:auto\/q:mauto\/f:best\/ig:avif\/https:\/\/drphotopro.myds.me\/wordpress\/wp-content\/uploads\/2018\/12\/DSD3010.jpg 1367w, https:\/\/mltdahoqzfr7.i.optimole.com\/w:200\/h:300\/q:mauto\/f:best\/ig:avif\/https:\/\/drphotopro.myds.me\/wordpress\/wp-content\/uploads\/2018\/12\/DSD3010.jpg 200w, https:\/\/mltdahoqzfr7.i.optimole.com\/w:684\/h:1024\/q:mauto\/f:best\/ig:avif\/https:\/\/drphotopro.myds.me\/wordpress\/wp-content\/uploads\/2018\/12\/DSD3010.jpg 684w, https:\/\/mltdahoqzfr7.i.optimole.com\/w:720\/h:1080\/q:mauto\/f:best\/ig:avif\/https:\/\/drphotopro.myds.me\/wordpress\/wp-content\/uploads\/2018\/12\/DSD3010.jpg 768w, https:\/\/mltdahoqzfr7.i.optimole.com\/w:720\/h:1080\/q:mauto\/f:best\/ig:avif\/https:\/\/drphotopro.myds.me\/wordpress\/wp-content\/uploads\/2018\/12\/DSD3010.jpg 1025w\" \/><noscript><img decoding=\"async\" width=\"1367\" height=\"2048\" src=\"https:\/\/mltdahoqzfr7.i.optimole.com\/w:auto\/h:auto\/q:mauto\/f:best\/ig:avif\/https:\/\/drphotopro.myds.me\/wordpress\/wp-content\/uploads\/2018\/12\/DSD3010.jpg\" alt=\"\" data-id=\"406\" class=\"wp-image-406\" srcset=\"https:\/\/mltdahoqzfr7.i.optimole.com\/w:auto\/h:auto\/q:mauto\/f:best\/ig:avif\/https:\/\/drphotopro.myds.me\/wordpress\/wp-content\/uploads\/2018\/12\/DSD3010.jpg 1367w, https:\/\/mltdahoqzfr7.i.optimole.com\/w:200\/h:300\/q:mauto\/f:best\/ig:avif\/https:\/\/drphotopro.myds.me\/wordpress\/wp-content\/uploads\/2018\/12\/DSD3010.jpg 200w, https:\/\/mltdahoqzfr7.i.optimole.com\/w:684\/h:1024\/q:mauto\/f:best\/ig:avif\/https:\/\/drphotopro.myds.me\/wordpress\/wp-content\/uploads\/2018\/12\/DSD3010.jpg 684w, https:\/\/mltdahoqzfr7.i.optimole.com\/w:720\/h:1080\/q:mauto\/f:best\/ig:avif\/https:\/\/drphotopro.myds.me\/wordpress\/wp-content\/uploads\/2018\/12\/DSD3010.jpg 768w, https:\/\/mltdahoqzfr7.i.optimole.com\/w:720\/h:1080\/q:mauto\/f:best\/ig:avif\/https:\/\/drphotopro.myds.me\/wordpress\/wp-content\/uploads\/2018\/12\/DSD3010.jpg 1025w\" sizes=\"(max-width: 767px) 89vw, (max-width: 1000px) 54vw, (max-width: 1071px) 543px, 580px\" \/></noscript>\n\t\t\t\t\t<figcaption class=\"blocks-gallery-item__caption\">Street<\/figcaption>\n\t\t\t\t<\/a>\n\t\t\t<\/figure>\n\t\t<\/li>\n\t\t<li class=\"blocks-gallery-item\">\n\t\t\t<figure>\n\t\t\t\t<a href=\"https:\/\/drphotopro.myds.me\/wordpress\/a-propos-de\/voyages\/\">\n\t\t\t\t\t<img data-opt-src=\"https:\/\/mltdahoqzfr7.i.optimole.com\/w:auto\/h:auto\/q:mauto\/f:best\/ig:avif\/https:\/\/drphotopro.myds.me\/wordpress\/wp-content\/uploads\/2019\/01\/DSC_3496.jpg\"  decoding=\"async\" src=\"https:\/\/mltdahoqzfr7.i.optimole.com\/w:auto\/h:auto\/q:eco\/f:best\/ig:avif\/https:\/\/drphotopro.myds.me\/wordpress\/wp-content\/uploads\/2019\/01\/DSC_3496.jpg\" alt=\"\" data-id=\"745\" class=\"wp-image-745\"><noscript><img decoding=\"async\" src=\"https:\/\/mltdahoqzfr7.i.optimole.com\/w:auto\/h:auto\/q:mauto\/f:best\/ig:avif\/https:\/\/drphotopro.myds.me\/wordpress\/wp-content\/uploads\/2019\/01\/DSC_3496.jpg\" alt=\"\" data-id=\"745\" class=\"wp-image-745\"></noscript>\n\t\t\t\t\t<figcaption class=\"blocks-gallery-item__caption\">Voyages<\/figcaption>\n\t\t\t\t<\/a>\n\t\t\t<\/figure>\n\t\t<\/li-->\n\t<\/ul>\n<\/figure>\n\n\n\n<p><\/p>\n","protected":false},"excerpt":{"rendered":"<p>Le monde est un spectacle permanent.&nbsp; &nbsp; Dans la critique de l&rsquo;\u00e9cole des femmes, Moli\u00e8re nous dit &#8211; Mais lorsque vous peignez les hommes, il faut peindre d&rsquo;apr\u00e8s nature; on veut que ces portraits ressemblent ; et vous n&rsquo;avez rien fait si vous n&rsquo;y faites reconna\u00eetre les gens de votre si\u00e8cle. La soci\u00e9t\u00e9 \u00ab\u00a0Philippe De &hellip; <\/p>\n<p class=\"link-more\"><a href=\"https:\/\/drphotopro.myds.me\/wordpress\/\" class=\"more-link\">Continuer la lecture<span class=\"screen-reader-text\"> de &laquo;&nbsp;&nbsp;&raquo;<\/span><\/a><\/p>\n","protected":false},"author":1,"featured_media":0,"parent":0,"menu_order":0,"comment_status":"closed","ping_status":"closed","template":"","meta":{"footnotes":""},"class_list":["post-127","page","type-page","status-publish","hentry"],"_links":{"self":[{"href":"https:\/\/drphotopro.myds.me\/wordpress\/wp-json\/wp\/v2\/pages\/127","targetHints":{"allow":["GET"]}}],"collection":[{"href":"https:\/\/drphotopro.myds.me\/wordpress\/wp-json\/wp\/v2\/pages"}],"about":[{"href":"https:\/\/drphotopro.myds.me\/wordpress\/wp-json\/wp\/v2\/types\/page"}],"author":[{"embeddable":true,"href":"https:\/\/drphotopro.myds.me\/wordpress\/wp-json\/wp\/v2\/users\/1"}],"replies":[{"embeddable":true,"href":"https:\/\/drphotopro.myds.me\/wordpress\/wp-json\/wp\/v2\/comments?post=127"}],"version-history":[{"count":2,"href":"https:\/\/drphotopro.myds.me\/wordpress\/wp-json\/wp\/v2\/pages\/127\/revisions"}],"predecessor-version":[{"id":8144,"href":"https:\/\/drphotopro.myds.me\/wordpress\/wp-json\/wp\/v2\/pages\/127\/revisions\/8144"}],"wp:attachment":[{"href":"https:\/\/drphotopro.myds.me\/wordpress\/wp-json\/wp\/v2\/media?parent=127"}],"curies":[{"name":"wp","href":"https:\/\/api.w.org\/{rel}","templated":true}]}}